{"id":11,"date":"2021-01-28T10:25:43","date_gmt":"2021-01-28T10:25:43","guid":{"rendered":"https:\/\/naistetantsupidu.ee\/video\/?page_id=11"},"modified":"2024-10-25T10:21:35","modified_gmt":"2024-10-25T10:21:35","slug":"create-your-website-with-blocks","status":"publish","type":"page","link":"https:\/\/naistetantsupidu.com\/video\/","title":{"rendered":"Hea tantsulooja!"},"content":{"rendered":"\n<p>Selleks, et uute tantsude konkurss \u00f5nnestuks t\u00f5rgeteta, palun tutvu hoolikalt juhendiga ja vaata \u00e4ra ka v\u00e4ike \u00f5ppevideo.<\/p>\n\n\n\n<ol class=\"wp-block-list\">\n<li>\u00dcleslaetava muusikafaili suurus v\u00f5ib maksimaalselt olla <strong>2000 MB<\/strong> ja eelistatav formaat on <strong>MP3<\/strong><\/li>\n\n\n\n<li>Anna oma muusikafailile sellise formaadiga nimi: <strong>Tantsu nimi_liik<\/strong>. N\u00e4ide: <strong>Heinalised_neiud<\/strong> . See v\u00f5imaldab meil k\u00f5iki \u00fcleslaetud muusikafaile lihtsalt sorteerida ja vajadusel kontrollida, kas Teie fail on ikka meieni j\u00f5udnud.<\/li>\n\n\n\n<li>Vali men\u00fc\u00fcst link<strong> Tantsude muusikad<\/strong>.<\/li>\n\n\n\n<li>Klikka nupul &#8220;Vali fail&#8221; ning lae muusikafail \u00fcles.<\/li>\n\n\n\n<li>Kui \u00fcleslaadimine \u00f5nnestub, ilmub ekraanile kiri, mis seda kinnitab.<\/li>\n\n\n\n<li>Juhul kui faili \u00fcleslaadimisel tekib probleeme, kirjuta oma murest aadressile ainar@naistetantsupidu.com v\u00f5i helista telefonil 5290647.<\/li>\n<\/ol>\n\n\n\n<figure class=\"wp-block-video\"><video height=\"1080\" style=\"aspect-ratio: 1920 \/ 1080;\" width=\"1920\" controls src=\"https:\/\/naistetantsupidu.com\/video\/wp-content\/uploads\/2024\/07\/Untitled-design.mp4\"><\/video><\/figure>\n","protected":false},"excerpt":{"rendered":"<p>Selleks, et uute tantsude konkurss \u00f5nnestuks t\u00f5rgeteta, palun tutvu hoolikalt juhendiga ja vaata \u00e4ra ka v\u00e4ike \u00f5ppevideo.<\/p>\n","protected":false},"author":1,"featured_media":0,"parent":0,"menu_order":0,"comment_status":"closed","ping_status":"closed","template":"onecolumn-page.php","meta":{"footnotes":""},"class_list":["post-11","page","type-page","status-publish","hentry"],"_links":{"self":[{"href":"https:\/\/naistetantsupidu.com\/video\/wp-json\/wp\/v2\/pages\/11","targetHints":{"allow":["GET"]}}],"collection":[{"href":"https:\/\/naistetantsupidu.com\/video\/wp-json\/wp\/v2\/pages"}],"about":[{"href":"https:\/\/naistetantsupidu.com\/video\/wp-json\/wp\/v2\/types\/page"}],"author":[{"embeddable":true,"href":"https:\/\/naistetantsupidu.com\/video\/wp-json\/wp\/v2\/users\/1"}],"replies":[{"embeddable":true,"href":"https:\/\/naistetantsupidu.com\/video\/wp-json\/wp\/v2\/comments?post=11"}],"version-history":[{"count":33,"href":"https:\/\/naistetantsupidu.com\/video\/wp-json\/wp\/v2\/pages\/11\/revisions"}],"predecessor-version":[{"id":496,"href":"https:\/\/naistetantsupidu.com\/video\/wp-json\/wp\/v2\/pages\/11\/revisions\/496"}],"wp:attachment":[{"href":"https:\/\/naistetantsupidu.com\/video\/wp-json\/wp\/v2\/media?parent=11"}],"curies":[{"name":"wp","href":"https:\/\/api.w.org\/{rel}","templated":true}]}}